{"id":11655,"date":"2024-07-07T15:13:14","date_gmt":"2024-07-07T13:13:14","guid":{"rendered":"https:\/\/patriziamarazzi.com\/about-me\/"},"modified":"2025-04-01T10:10:55","modified_gmt":"2025-04-01T08:10:55","slug":"su-di-me","status":"publish","type":"page","link":"https:\/\/patriziamarazzi.com\/it\/su-di-me\/","title":{"rendered":"Su di me"},"content":{"rendered":"\t\t<div data-elementor-type=\"wp-page\" data-elementor-id=\"11655\" class=\"elementor elementor-11655 elementor-10468\" data-elementor-settings=\"{&quot;ha_cmc_init_switcher&quot;:&quot;no&quot;}\">\n\t\t\t\t<div class=\"elementor-element elementor-element-312ba48 e-flex e-con-boxed e-con e-parent\" data-id=\"312ba48\" data-element_type=\"container\" data-e-type=\"container\" data-settings=\"{&quot;_ha_eqh_enable&quot;:false}\">\n\t\t\t\t\t<div class=\"e-con-inner\">\n\t\t\t\t<div class=\"elementor-element elementor-element-8bb8bf9 animated-slow elementor-invisible elementor-widget elementor-widget-heading\" data-id=\"8bb8bf9\" data-element_type=\"widget\" data-e-type=\"widget\" data-settings=\"{&quot;_animation&quot;:&quot;fadeIn&quot;}\" data-widget_type=\"heading.default\">\n\t\t\t\t<div class=\"elementor-widget-container\">\n\t\t\t\t\t<h2 class=\"elementor-heading-title elementor-size-default\">Su di Me<\/h2>\t\t\t\t<\/div>\n\t\t\t\t<\/div>\n\t\t\t\t<div class=\"elementor-element elementor-element-443c0c4 animated-slow elementor-invisible elementor-widget elementor-widget-text-editor\" data-id=\"443c0c4\" data-element_type=\"widget\" data-e-type=\"widget\" data-settings=\"{&quot;_animation&quot;:&quot;fadeIn&quot;,&quot;_animation_delay&quot;:400}\" data-widget_type=\"text-editor.default\">\n\t\t\t\t<div class=\"elementor-widget-container\">\n\t\t\t\t\t\t\t\t\t<p class=\"\" data-start=\"0\" data-end=\"318\">Sono Patrizia Marazzi, vivo sulla sponda occidentale del Lago di Garda, in Lombardia, e mi occupo di enoturismo. Con le persone preferisco costruire con pazienza legami profondi e duraturi, proprio come avviene in una degustazione, che va assaporata lentamente per scoprire ogni volta una sfumatura nuova e inattesa.<\/p>\n<p class=\"\" data-start=\"320\" data-end=\"680\">Le mie competenze e la mia esperienza sono al servizio degli amanti del vino e dei viaggiatori del vino. Il mio obiettivo \u00e8 comunicare il vino attraverso il legame con il suo territorio di origine. Conoscere l\u2019ambiente da cui proviene un vino aiuta a comprenderne il carattere e lo stile, rendendo l\u2019esperienza di degustazione ancora pi\u00f9 autentica e appagante.<\/p>\t\t\t\t\t\t\t\t<\/div>\n\t\t\t\t<\/div>\n\t\t\t\t<div class=\"elementor-element elementor-element-d43418d animated-slow elementor-invisible elementor-widget elementor-widget-text-editor\" data-id=\"d43418d\" data-element_type=\"widget\" data-e-type=\"widget\" data-settings=\"{&quot;_animation&quot;:&quot;fadeIn&quot;}\" data-widget_type=\"text-editor.default\">\n\t\t\t\t<div class=\"elementor-widget-container\">\n\t\t\t\t\t\t\t\t\t<p>Il cammino all\u2019indietro &#8230;<\/p>\t\t\t\t\t\t\t\t<\/div>\n\t\t\t\t<\/div>\n\t\t\t\t\t<\/div>\n\t\t\t\t<\/div>\n\t\t<div class=\"elementor-element elementor-element-13fde84 e-flex e-con-boxed e-con e-parent\" data-id=\"13fde84\" data-element_type=\"container\" data-e-type=\"container\" data-settings=\"{&quot;_ha_eqh_enable&quot;:false}\">\n\t\t\t\t\t<div class=\"e-con-inner\">\n\t\t\t\t<div class=\"elementor-element elementor-element-e3c98d3 elementor-invisible elementor-widget elementor-widget-ucaddon_unlimited_timeline\" data-id=\"e3c98d3\" data-element_type=\"widget\" data-e-type=\"widget\" data-settings=\"{&quot;_animation&quot;:&quot;fadeIn&quot;}\" data-widget_type=\"ucaddon_unlimited_timeline.default\">\n\t\t\t\t<div class=\"elementor-widget-container\">\n\t\t\t\t\t\n<!-- start Unlimited Timeline -->\n\t\t<link id='font-awesome-css' href='https:\/\/patriziamarazzi.com\/wp-content\/plugins\/unlimited-elements-for-elementor\/assets_libraries\/font-awesome6\/fontawesome-all.min.css' type='text\/css' rel='stylesheet' >\n\t\t<link id='font-awesome-4-shim-css' href='https:\/\/patriziamarazzi.com\/wp-content\/plugins\/unlimited-elements-for-elementor\/assets_libraries\/font-awesome6\/fontawesome-v4-shims.min.css' type='text\/css' rel='stylesheet' >\n\n<style>\/* widget: Unlimited Timeline *\/\n\n\r\n@keyframes uc_unlimited_timeline_elementor_e3c98d3__item-animation {\r\n  0% {\r\n            \r\n        \t\r\n    \t    opacity: 0;\r\n  }\r\n  100% {\r\n            \r\n        \t\r\n    \t\topacity: 1;\r\n  }\r\n}\r\n\r\n\r\n#uc_unlimited_timeline_elementor_e3c98d3 .ue_timeline_item{\r\n\topacity:0;\r\n}\r\n\r\n\r\n#uc_unlimited_timeline_elementor_e3c98d3 .uc-entrance-animate {\r\n  opacity:1;\r\n}\r\n\r\n#uc_unlimited_timeline_elementor_e3c98d3 .uc-entrance-animate {\r\n\tanimation: uc_unlimited_timeline_elementor_e3c98d3__item-animation 0.6s cubic-bezier(0.470, 0.000, 0.745, 0.715) both;\r\n}\r\n\r\n\t\t\t\n\n#uc_unlimited_timeline_elementor_e3c98d3{\n  direction:ltr;\n}\n\n#uc_unlimited_timeline_elementor_e3c98d3 *{\n  box-sizing:border-box;\n}\n\n#uc_unlimited_timeline_elementor_e3c98d3 .ue_timeline_item{\n  display:flex;\n  flex-direction:row-reverse;\n}\n\n#uc_unlimited_timeline_elementor_e3c98d3 .ue_timeline_item_icon{\n  display:flex;\n  flex-direction:column;\n  align-items:center;\n}\n\n#uc_unlimited_timeline_elementor_e3c98d3 .ue_timeline_item_icon_line{\n  flex-grow:1;\n}\n\n#uc_unlimited_timeline_elementor_e3c98d3 .ue_timeline_item_icon_line_offset{\n  flex-grow:0;\n  flex-shrink:0;\n}\n\n#uc_unlimited_timeline_elementor_e3c98d3 .ue_timeline_item_icon_holder{\n  display:flex;\n  justify-content:center;\n  align-items:center;\n  line-height:1em;\n  flex-direction:column;\n  transition: all 0.4s ease-in-out;\n  text-align: center;\n}\n\n#uc_unlimited_timeline_elementor_e3c98d3 .ue_timeline_item_icon_holder svg{\n  height:1em;\n  width:1em;\n}\n\n#uc_unlimited_timeline_elementor_e3c98d3 .ue_timeline_item_content{\n  flex:1;\n  flex-shrink:0;\n  flex-direction:row-reverse;\n}\n\n#uc_unlimited_timeline_elementor_e3c98d3 .ue_timeline_item_spacer{\n  flex:1;\n  flex-shrink:0;\n}\n\n#uc_unlimited_timeline_elementor_e3c98d3 .ue_timeline_item_content_main{\n  flex-grow:1;\n  word-break: break-word;\n  transition: all .3s;\n  position: relative;\n}\n\n#uc_unlimited_timeline_elementor_e3c98d3 .ue_timeline_item_content_main_link{\n  position: absolute;\n  width: 100%;\n  height: 100%;\n  left: 0;\n  top: 0;\n  display: block;\n}\n\n#uc_unlimited_timeline_elementor_e3c98d3 .ue_timeline_item_content{\n  display:flex;\n}\n\n#uc_unlimited_timeline_elementor_e3c98d3 .ue_timeline_item_pointer_spacer{\n  flex-grow:0;\n  flex-shrink:0;\n}\n\n#uc_unlimited_timeline_elementor_e3c98d3 .ue_timeline_item_icon{\n  flex-grow:0;\n  flex-shrink:0;\n}\n\n#uc_unlimited_timeline_elementor_e3c98d3 .ue_timeline_item_pointer{  \n  flex-grow:0;\n  flex-shrink:0;\n  margin-top:0px;\n  position:relative;\n}\n\n#uc_unlimited_timeline_elementor_e3c98d3 .ue_timeline_item .ue_timeline_item_content .ue_timeline_item_pointer .ue_timeline_item_pointer_inside{\n  position:relative;\n  clip-path: polygon(0 50%, 100% 0, 100% 100%);\n  transition: all .3s;\n}\n\n  #uc_unlimited_timeline_elementor_e3c98d3 .ue_timeline_item:last-child .ue_timeline_item_icon_line{\n    display:none;\n  }\n\t\n\n#uc_unlimited_timeline_elementor_e3c98d3 .ue_timeline_item:last-child .ue_timeline_item_content{\n  margin-bottom:0px;\n}\n\n#uc_unlimited_timeline_elementor_e3c98d3 .ue_timeline_item_spacer  {\n  display:none;\n}\n\n  #uc_unlimited_timeline_elementor_e3c98d3 .ue_timeline_item:nth-child(odd)    {\n   flex-direction:row;\n  }\n\n  #uc_unlimited_timeline_elementor_e3c98d3 .ue_timeline_item:nth-child(odd) .ue_timeline_item_content{\n   flex-direction:row;\n  } \n\n  #uc_unlimited_timeline_elementor_e3c98d3 .ue_timeline_item_spacer  {\n    display:block;\n  }\n\n  #uc_unlimited_timeline_elementor_e3c98d3 .ue_timeline_item:nth-child(odd) .ue_timeline_item_content .ue_timeline_item_pointer .ue_timeline_item_pointer_inside{ \n   clip-path: polygon(100% 50%, 0 0, 0 100%);\n  }\n\t\n\n#uc_unlimited_timeline_elementor_e3c98d3 .ue_timeline_item_button{\n\tdisplay: flex;\n  \talign-items: center;\n}\n\n#uc_unlimited_timeline_elementor_e3c98d3 .ue_timeline_item_link{\n\tcursor: pointer;\n  \ttransition: all .3s;\n}\n\n\n.ue_timeline_item_title{\n  font-size:21px;\n}\n\n.ue_text_one, .ue_text_two, .ue_text_three{\n  font-size:14px;\n  line-height:1.1em;\n}\n\n.ue_timeline_item_icon_line_mask, .ue_timeline_item_icon_line_offset_mask {\n  width: 100%;\n  height: 0%;\n  max-height: 100%;\n  will-change: height;\n}\n\n#uc_unlimited_timeline_elementor_e3c98d3 .ue_timeline_item_line_icon_holder{\n  position: relative;\n}\n\n#uc_unlimited_timeline_elementor_e3c98d3 .ue_timeline_item_line_floating_icon,\n#uc_unlimited_timeline_elementor_e3c98d3 .ue_timeline_item_line_floating_icon-offset{\n  position: absolute;\n  bottom: 0;\n  left: 50%;\n  transform: translate(-50%, 0%);\n  opacity: 0;\n  display: none;\n    display: none !important;\n  }\n\n#uc_unlimited_timeline_elementor_e3c98d3 .ue_timeline_floating_icon{\n  display:flex;\n  opacity: 1;\n  justify-content:center;\n  align-items:center;\n  line-height:1em;\n  flex-direction:column;\n  transition: all 0.4s ease-in-out;\n  text-align: center;\n}\n  \n#uc_unlimited_timeline_elementor_e3c98d3 .ue_timeline_item_image{\nobject-fit: cover;\n}\n\n#uc_unlimited_timeline_elementor_e3c98d3 .ue_timeline_item_content_inside{\n  position:relative;\n}\n\n#uc_unlimited_timeline_elementor_e3c98d3 .ue_timeline_item_content_main{\n  position:relative;\n  overflow:hidden;\n}\n\n\n@media only screen and (max-width: 768px) {\n  #uc_unlimited_timeline_elementor_e3c98d3 .ue_timeline_item{\n    flex-direction:row-reverse !important;\n  }\n\n  #uc_unlimited_timeline_elementor_e3c98d3 .ue_timeline_item .ue_timeline_item_content{\n   flex-direction:row-reverse !important;\n  }\n  \n  #uc_unlimited_timeline_elementor_e3c98d3 .ue_timeline_item_spacer  {\n    display:none;\n  }\n  \n  #uc_unlimited_timeline_elementor_e3c98d3 .ue_timeline_item .ue_timeline_item_content .ue_timeline_item_pointer .ue_timeline_item_pointer_inside  { \n   clip-path: polygon(0 50%, 100% 0, 100% 100%) !important;\n  }  \n}\n#uc_unlimited_timeline_elementor_e3c98d3 .ue_timeline_item_img_wrapper{\n  display: flex;\n}\n#uc_unlimited_timeline_elementor_e3c98d3 .ue_timeline_item:nth-child(even) .ue_timeline_item_img_wrapper{\n  justify-content: flex-end;\n}\n#uc_unlimited_timeline_elementor_e3c98d3 .ue_timeline_item:nth-child(odd) .ue_timeline_item_img_wrapper{\n  justify-content: flex-start;\n}\n\t\n\n\n\n\n\n\t\n\n\n\n\n\n\t\n\n\n\n\n\n\t\n\n\n\n\n\n\t\n\n\n\n\n\n\n\n<\/style>\n\n<div id=\"uc_unlimited_timeline_elementor_e3c98d3\" class=\"uc-items-wrapper \"  >\n  \n<div class=\"ue_timeline_item elementor-repeater-item-e290705 \" id=\"uc_unlimited_timeline_elementor_e3c98d3_item1\">\n    <div class=\"ue_timeline_item_content\">\n      \n      <div class=\"ue_timeline_item_content_main\">\n        \n                \n        <div class=\"ue_timeline_item_content_inside\">\n                <div class=\"ue_timeline_item_title\" >2020-2021<\/div>          <div class=\"ue_timeline_item_subtitle\" >Guida Outdoor \u2013 Tour Leader<\/div>\n        <div class=\"ue_timeline_item_text\"><p>L\u2019evento straordinario che ha coinvolto il mondo intero ha imposto una pausa di riflessione. \u00c8 stata un\u2019occasione per ripensare il mio ruolo e rimettermi al servizio dei viaggiatori, proprio come avevo fatto molti anni prima, quando ho superato l\u2019esame da Operatore Turistico. Le qualifiche di Guida Outdoor e Tour Leader hanno arricchito il mio percorso professionale, completando le competenze enologiche che gi\u00e0 offrivo ai miei ospiti.<\/p><\/div>\t\n      \t          \n        <\/div>\n              <\/div>\n      \n            \n      <div class=\"ue_timeline_item_pointer_spacer\"><\/div>\n      \n    <\/div>\n  \n    <div class=\"ue_timeline_item_icon\">\n      <div class=\"ue_timeline_item_icon_line_offset\">\n      \t<div class=\"ue_timeline_item_icon_line_offset_mask ue_timeline_item_line_icon_holder\">\n          <div class=\"ue_timeline_item_line_floating_icon-offset ue_timeline_floating_icon\"><i class='fas fa-rocket'><\/i><\/div>\n        <\/div>\n      <\/div>\n      <div class=\"ue_timeline_item_icon_holder\">\n                                      <\/div>\n      \n      <div class=\"ue_timeline_item_icon_line\">\n      \t<div class=\"ue_timeline_item_icon_line_mask ue_timeline_item_line_icon_holder\">\n          <div class=\"ue_timeline_item_line_floating_icon ue_timeline_floating_icon\"><i class='fas fa-rocket'><\/i><\/div>\n        <\/div>\n      <\/div>\n      \n    <\/div>\n    <div class=\"ue_timeline_item_spacer\">\n        \t<\/div>\n  <\/div>\n\n<div class=\"ue_timeline_item elementor-repeater-item-12cc460 \" id=\"uc_unlimited_timeline_elementor_e3c98d3_item2\">\n    <div class=\"ue_timeline_item_content\">\n      \n      <div class=\"ue_timeline_item_content_main\">\n        \n                \n        <div class=\"ue_timeline_item_content_inside\">\n                <div class=\"ue_timeline_item_title\" >2017<\/div>          <div class=\"ue_timeline_item_subtitle\" >Formazione WSET<\/div>\n        <div class=\"ue_timeline_item_text\"><p>Ho conseguito il 3\u00ba livello WSET, un traguardo importante nella mia carriera nel mondo del vino. Questo percorso mi ha permesso di approfondire diversi aspetti dell\u2019industria vinicola a livello globale, offrendomi una prospettiva su come l\u2019Italia venga percepita da visitatori e importatori. Grazie a questa esperienza, ho potuto immaginare e sviluppare nuove proposte da offrire.<\/p><\/div>\t\n      \t          \n        <\/div>\n              <\/div>\n      \n            \n      <div class=\"ue_timeline_item_pointer_spacer\"><\/div>\n      \n    <\/div>\n  \n    <div class=\"ue_timeline_item_icon\">\n      <div class=\"ue_timeline_item_icon_line_offset\">\n      \t<div class=\"ue_timeline_item_icon_line_offset_mask ue_timeline_item_line_icon_holder\">\n          <div class=\"ue_timeline_item_line_floating_icon-offset ue_timeline_floating_icon\"><i class='fas fa-rocket'><\/i><\/div>\n        <\/div>\n      <\/div>\n      <div class=\"ue_timeline_item_icon_holder\">\n                                      <\/div>\n      \n      <div class=\"ue_timeline_item_icon_line\">\n      \t<div class=\"ue_timeline_item_icon_line_mask ue_timeline_item_line_icon_holder\">\n          <div class=\"ue_timeline_item_line_floating_icon ue_timeline_floating_icon\"><i class='fas fa-rocket'><\/i><\/div>\n        <\/div>\n      <\/div>\n      \n    <\/div>\n    <div class=\"ue_timeline_item_spacer\">\n        \t<\/div>\n  <\/div>\n\n<div class=\"ue_timeline_item elementor-repeater-item-010829a \" id=\"uc_unlimited_timeline_elementor_e3c98d3_item3\">\n    <div class=\"ue_timeline_item_content\">\n      \n      <div class=\"ue_timeline_item_content_main\">\n        \n                \n        <div class=\"ue_timeline_item_content_inside\">\n                <div class=\"ue_timeline_item_title\" >2007<\/div>          <div class=\"ue_timeline_item_subtitle\" >Sommelier<\/div>\n        <div class=\"ue_timeline_item_text\"><p>Nel 2007 sono diventata sommelier. Sebbene fossi affascinata dal mondo del vino, comprenderlo a fondo non \u00e8 stato affatto semplice.<\/p><\/div>\t\n      \t          \n        <\/div>\n              <\/div>\n      \n            \n      <div class=\"ue_timeline_item_pointer_spacer\"><\/div>\n      \n    <\/div>\n  \n    <div class=\"ue_timeline_item_icon\">\n      <div class=\"ue_timeline_item_icon_line_offset\">\n      \t<div class=\"ue_timeline_item_icon_line_offset_mask ue_timeline_item_line_icon_holder\">\n          <div class=\"ue_timeline_item_line_floating_icon-offset ue_timeline_floating_icon\"><i class='fas fa-rocket'><\/i><\/div>\n        <\/div>\n      <\/div>\n      <div class=\"ue_timeline_item_icon_holder\">\n                                      <\/div>\n      \n      <div class=\"ue_timeline_item_icon_line\">\n      \t<div class=\"ue_timeline_item_icon_line_mask ue_timeline_item_line_icon_holder\">\n          <div class=\"ue_timeline_item_line_floating_icon ue_timeline_floating_icon\"><i class='fas fa-rocket'><\/i><\/div>\n        <\/div>\n      <\/div>\n      \n    <\/div>\n    <div class=\"ue_timeline_item_spacer\">\n        \t<\/div>\n  <\/div>\n\n<div class=\"ue_timeline_item elementor-repeater-item-c8b0558 \" id=\"uc_unlimited_timeline_elementor_e3c98d3_item4\">\n    <div class=\"ue_timeline_item_content\">\n      \n      <div class=\"ue_timeline_item_content_main\">\n        \n                \n        <div class=\"ue_timeline_item_content_inside\">\n                <div class=\"ue_timeline_item_title\" >2005<\/div>          <div class=\"ue_timeline_item_subtitle\" >Wine Export Manager<\/div>\n        <div class=\"ue_timeline_item_text\"><p>Dal 2010 al 2018 ho collaborato con una prestigiosa azienda spagnola specializzata in grandi volumi di vino, occupandomi dello sviluppo di diversi mercati, tra cui Germania, Russia e Sud-est asiatico.<\/p><\/div>\t\n      \t          \n        <\/div>\n              <\/div>\n      \n            \n      <div class=\"ue_timeline_item_pointer_spacer\"><\/div>\n      \n    <\/div>\n  \n    <div class=\"ue_timeline_item_icon\">\n      <div class=\"ue_timeline_item_icon_line_offset\">\n      \t<div class=\"ue_timeline_item_icon_line_offset_mask ue_timeline_item_line_icon_holder\">\n          <div class=\"ue_timeline_item_line_floating_icon-offset ue_timeline_floating_icon\"><i class='fas fa-rocket'><\/i><\/div>\n        <\/div>\n      <\/div>\n      <div class=\"ue_timeline_item_icon_holder\">\n                                      <\/div>\n      \n      <div class=\"ue_timeline_item_icon_line\">\n      \t<div class=\"ue_timeline_item_icon_line_mask ue_timeline_item_line_icon_holder\">\n          <div class=\"ue_timeline_item_line_floating_icon ue_timeline_floating_icon\"><i class='fas fa-rocket'><\/i><\/div>\n        <\/div>\n      <\/div>\n      \n    <\/div>\n    <div class=\"ue_timeline_item_spacer\">\n        \t<\/div>\n  <\/div>\n\n<div class=\"ue_timeline_item elementor-repeater-item-d2ec5e3 \" id=\"uc_unlimited_timeline_elementor_e3c98d3_item5\">\n    <div class=\"ue_timeline_item_content\">\n      \n      <div class=\"ue_timeline_item_content_main\">\n        \n                \n        <div class=\"ue_timeline_item_content_inside\">\n                <div class=\"ue_timeline_item_title\" >1988<\/div>          <div class=\"ue_timeline_item_subtitle\" >Il vino<\/div>\n        <div class=\"ue_timeline_item_text\"><p>Ho iniziato a lavorare nel settore vinicolo per caso, a Moniga del Garda. Mi fu chiesto di raccontare il vino agli ospiti in vacanza sul Lago di Garda, una richiesta insolita per l\u2019epoca. Nel 1998, infatti, nessuno parlava ancora di enoturismo o di storytelling: la degustazione era semplicemente una presentazione veloce al banco, accompagnata da pane e olio extravergine di oliva del territorio.<\/p><\/div>\t\n      \t          \n        <\/div>\n              <\/div>\n      \n            \n      <div class=\"ue_timeline_item_pointer_spacer\"><\/div>\n      \n    <\/div>\n  \n    <div class=\"ue_timeline_item_icon\">\n      <div class=\"ue_timeline_item_icon_line_offset\">\n      \t<div class=\"ue_timeline_item_icon_line_offset_mask ue_timeline_item_line_icon_holder\">\n          <div class=\"ue_timeline_item_line_floating_icon-offset ue_timeline_floating_icon\"><i class='fas fa-rocket'><\/i><\/div>\n        <\/div>\n      <\/div>\n      <div class=\"ue_timeline_item_icon_holder\">\n                                      <\/div>\n      \n      <div class=\"ue_timeline_item_icon_line\">\n      \t<div class=\"ue_timeline_item_icon_line_mask ue_timeline_item_line_icon_holder\">\n          <div class=\"ue_timeline_item_line_floating_icon ue_timeline_floating_icon\"><i class='fas fa-rocket'><\/i><\/div>\n        <\/div>\n      <\/div>\n      \n    <\/div>\n    <div class=\"ue_timeline_item_spacer\">\n        \t<\/div>\n  <\/div>\n \n<\/div>\n<!-- end Unlimited Timeline -->\t\t\t\t<\/div>\n\t\t\t\t<\/div>\n\t\t\t\t\t<\/div>\n\t\t\t\t<\/div>\n\t\t<div class=\"elementor-element elementor-element-96ff017 animated-slow e-flex e-con-boxed elementor-invisible e-con e-parent\" data-id=\"96ff017\" data-element_type=\"container\" data-e-type=\"container\" data-settings=\"{&quot;background_background&quot;:&quot;classic&quot;,&quot;animation&quot;:&quot;fadeIn&quot;,&quot;_ha_eqh_enable&quot;:false}\">\n\t\t\t\t\t<div class=\"e-con-inner\">\n\t\t\t\t<div class=\"elementor-element elementor-element-4c2cc0f animated-slow elementor-invisible elementor-widget elementor-widget-heading\" data-id=\"4c2cc0f\" data-element_type=\"widget\" data-e-type=\"widget\" data-settings=\"{&quot;_animation&quot;:&quot;fadeIn&quot;}\" data-widget_type=\"heading.default\">\n\t\t\t\t<div class=\"elementor-widget-container\">\n\t\t\t\t\t<h2 class=\"elementor-heading-title elementor-size-default\">Adoro la natura, la vita all'aperto, i paesaggi alpini e i luoghi poco affollati.<\/h2>\t\t\t\t<\/div>\n\t\t\t\t<\/div>\n\t\t\t\t\t<\/div>\n\t\t\t\t<\/div>\n\t\t<div class=\"elementor-element elementor-element-fae3117 e-flex e-con-boxed e-con e-parent\" data-id=\"fae3117\" data-element_type=\"container\" data-e-type=\"container\" data-settings=\"{&quot;_ha_eqh_enable&quot;:false}\">\n\t\t\t\t\t<div class=\"e-con-inner\">\n\t\t\t\t<div class=\"elementor-element elementor-element-28e12a6 animated-slow elementor-invisible elementor-widget elementor-widget-heading\" data-id=\"28e12a6\" data-element_type=\"widget\" data-e-type=\"widget\" data-settings=\"{&quot;_animation&quot;:&quot;fadeIn&quot;}\" data-widget_type=\"heading.default\">\n\t\t\t\t<div class=\"elementor-widget-container\">\n\t\t\t\t\t<h2 class=\"elementor-heading-title elementor-size-default\">Le mie origini<\/h2>\t\t\t\t<\/div>\n\t\t\t\t<\/div>\n\t\t\t\t<div class=\"elementor-element elementor-element-a10010e animated-slow elementor-invisible elementor-widget elementor-widget-text-editor\" data-id=\"a10010e\" data-element_type=\"widget\" data-e-type=\"widget\" data-settings=\"{&quot;_animation&quot;:&quot;fadeIn&quot;,&quot;_animation_delay&quot;:400}\" data-widget_type=\"text-editor.default\">\n\t\t\t\t<div class=\"elementor-widget-container\">\n\t\t\t\t\t\t\t\t\t<p class=\"\" data-start=\"0\" data-end=\"787\">Ho avuto un&#8217;infanzia e un&#8217;adolescenza che mi hanno coltivato una dimensione urbana e formativa nel centro di Milano, e una seconda estate in campagna fatta di passeggiate all&#8217;aria aperta, giri in bicicletta nella pianura padana dell&#8217;area alta del Mantovano, orti da irrigare, campi profumati di meloni e papaveri che ci stupivano tra le spighe di grano. Ho iniziato la mia formazione in un liceo linguistico orientato al mondo dell\u2019economia e l&#8217;ho conclusa con il diploma da operatore turistico. Successivamente, ho completato il diploma di tedesco per stranieri. La mia prima esperienza lavorativa \u00e8 iniziata con un editor di riviste specializzate in moda e tendenze, per poi proseguire nel mondo delle agenzie di comunicazione, sempre nel settore dell\u2019abbigliamento di grandi stilisti.<\/p>\n<p class=\"\" data-start=\"789\" data-end=\"1609\">Sono stati anni molto stimolanti in cui ho praticato poco le lingue straniere, ma ho imparato nozioni di layout, stampa, pianificazione dei mezzi pubblicitari. Dopo circa dieci anni di lavoro nella pubblicit\u00e0, la necessit\u00e0 di avere prati, campi e verde intorno \u00e8 diventata una priorit\u00e0. Lasciare la campagna e tornare a Milano al termine dei weekend stava diventando sempre pi\u00f9 difficile. La grande citt\u00e0 aveva iniziato a stringermi e mi sentivo sempre pi\u00f9 a mio agio nella dimensione circondata dal verde, distese di coltivazioni e spazi poco edificati. A quel punto ho lasciato la metropoli e mi sono trasferita sul Lago di Garda, con l\u2019obiettivo di lavorare nel turismo, grazie alle mie conoscenze linguistiche. Anche oggi non disdegno la citt\u00e0, ma dopo circa mezza giornata sento il bisogno di ricaricarmi nel verde.<\/p>\t\t\t\t\t\t\t\t<\/div>\n\t\t\t\t<\/div>\n\t\t\t\t\t<\/div>\n\t\t\t\t<\/div>\n\t\t\t\t<\/div>\n\t\t","protected":false},"excerpt":{"rendered":"<p>Su di Me Sono Patrizia Marazzi, vivo sulla sponda occidentale del Lago di Garda, in Lombardia, e mi occupo di enoturismo. Con le persone preferisco costruire con pazienza legami profondi e duraturi, proprio come avviene in una degustazione, che va assaporata lentamente per scoprire ogni volta una sfumatura nuova e inattesa. Le mie competenze e [&hellip;]<\/p>\n","protected":false},"author":1,"featured_media":0,"parent":0,"menu_order":0,"comment_status":"closed","ping_status":"closed","template":"","meta":{"footnotes":""},"class_list":["post-11655","page","type-page","status-publish","hentry"],"_links":{"self":[{"href":"https:\/\/patriziamarazzi.com\/it\/wp-json\/wp\/v2\/pages\/11655","targetHints":{"allow":["GET"]}}],"collection":[{"href":"https:\/\/patriziamarazzi.com\/it\/wp-json\/wp\/v2\/pages"}],"about":[{"href":"https:\/\/patriziamarazzi.com\/it\/wp-json\/wp\/v2\/types\/page"}],"author":[{"embeddable":true,"href":"https:\/\/patriziamarazzi.com\/it\/wp-json\/wp\/v2\/users\/1"}],"replies":[{"embeddable":true,"href":"https:\/\/patriziamarazzi.com\/it\/wp-json\/wp\/v2\/comments?post=11655"}],"version-history":[{"count":4,"href":"https:\/\/patriziamarazzi.com\/it\/wp-json\/wp\/v2\/pages\/11655\/revisions"}],"predecessor-version":[{"id":11659,"href":"https:\/\/patriziamarazzi.com\/it\/wp-json\/wp\/v2\/pages\/11655\/revisions\/11659"}],"wp:attachment":[{"href":"https:\/\/patriziamarazzi.com\/it\/wp-json\/wp\/v2\/media?parent=11655"}],"curies":[{"name":"wp","href":"https:\/\/api.w.org\/{rel}","templated":true}]}}